{"id":1186,"date":"2024-02-06T10:00:50","date_gmt":"2024-02-06T10:00:50","guid":{"rendered":"https:\/\/restoranprolece.rs\/about-us\/"},"modified":"2026-03-17T14:07:03","modified_gmt":"2026-03-17T14:07:03","slug":"about-us","status":"publish","type":"page","link":"https:\/\/restoranprolece.rs\/en\/about-us\/","title":{"rendered":"About us"},"content":{"rendered":"\t\t<div data-elementor-type=\"wp-page\" data-elementor-id=\"1186\" class=\"elementor elementor-1186 elementor-181\" data-elementor-post-type=\"page\">\n\t\t\t\t\t\t<section class=\"elementor-section elementor-top-section elementor-element elementor-element-4beed588 elementor-section-stretched elementor-section-full_width elementor-reverse-tablet elementor-reverse-mobile elementor-section-height-default elementor-section-height-default\" data-id=\"4beed588\" data-element_type=\"section\" data-e-type=\"section\" data-settings=\"{&quot;stretch_section&quot;:&quot;section-stretched&quot;}\">\n\t\t\t\t\t\t<div class=\"elementor-container elementor-column-gap-no\">\n\t\t\t\t\t<div class=\"elementor-column elementor-col-50 elementor-top-column elementor-element elementor-element-7766c4a8\" data-id=\"7766c4a8\" data-element_type=\"column\" data-e-type=\"column\">\n\t\t\t<div class=\"elementor-widget-wrap elementor-element-populated\">\n\t\t\t\t\t\t<div class=\"elementor-element elementor-element-59704c52 elementor-widget elementor-widget-heading\" data-id=\"59704c52\" data-element_type=\"widget\" data-e-type=\"widget\" data-widget_type=\"heading.default\">\n\t\t\t\t<div class=\"elementor-widget-container\">\n\t\t\t\t\t<h1 class=\"elementor-heading-title elementor-size-default\">ABOUT US<\/h1>\t\t\t\t<\/div>\n\t\t\t\t<\/div>\n\t\t\t\t<div class=\"elementor-element elementor-element-53120c95 elementor-widget elementor-widget-text-editor\" data-id=\"53120c95\" data-element_type=\"widget\" data-e-type=\"widget\" data-widget_type=\"text-editor.default\">\n\t\t\t\t<div class=\"elementor-widget-container\">\n\t\t\t\t\t\t\t\t\t<p>The past, tradition, history and iconic place for many generations of Belgrade citizens, Prole\u0107e restaurant continues to cherish all past memories and create new ones in a brand new form.<\/p>\n\t\t\t\t\t\t\t\t<\/div>\n\t\t\t\t<\/div>\n\t\t\t\t\t<\/div>\n\t\t<\/div>\n\t\t\t\t<div class=\"elementor-column elementor-col-50 elementor-top-column elementor-element elementor-element-1c9337a8\" data-id=\"1c9337a8\" data-element_type=\"column\" data-e-type=\"column\">\n\t\t\t<div class=\"elementor-widget-wrap elementor-element-populated\">\n\t\t\t\t\t\t<div class=\"elementor-element elementor-element-74dfcaaa elementor-widget elementor-widget-image\" data-id=\"74dfcaaa\" data-element_type=\"widget\" data-e-type=\"widget\" data-widget_type=\"image.default\">\n\t\t\t\t<div class=\"elementor-widget-container\">\n\t\t\t\t\t\t\t\t\t\t\t\t\t\t\t<img fetchpriority=\"high\" decoding=\"async\" width=\"1600\" height=\"1200\" src=\"https:\/\/restoranprolece.rs\/wp-content\/uploads\/2024\/02\/prolece-2015.jpg\" class=\"attachment-full size-full wp-image-1173\" alt=\"\" srcset=\"https:\/\/restoranprolece.rs\/wp-content\/uploads\/2024\/02\/prolece-2015.jpg 1600w, https:\/\/restoranprolece.rs\/wp-content\/uploads\/2024\/02\/prolece-2015-300x225.jpg 300w, https:\/\/restoranprolece.rs\/wp-content\/uploads\/2024\/02\/prolece-2015-1024x768.jpg 1024w, https:\/\/restoranprolece.rs\/wp-content\/uploads\/2024\/02\/prolece-2015-768x576.jpg 768w, https:\/\/restoranprolece.rs\/wp-content\/uploads\/2024\/02\/prolece-2015-1536x1152.jpg 1536w\" sizes=\"(max-width: 1600px) 100vw, 1600px\" \/>\t\t\t\t\t\t\t\t\t\t\t\t\t\t\t<\/div>\n\t\t\t\t<\/div>\n\t\t\t\t\t<\/div>\n\t\t<\/div>\n\t\t\t\t\t<\/div>\n\t\t<\/section>\n\t\t\t\t<section class=\"elementor-section elementor-top-section elementor-element elementor-element-385a548a elementor-section-stretched elementor-section-full_width elementor-section-height-default elementor-section-height-default\" data-id=\"385a548a\" data-element_type=\"section\" data-e-type=\"section\" data-settings=\"{&quot;stretch_section&quot;:&quot;section-stretched&quot;}\">\n\t\t\t\t\t\t<div class=\"elementor-container elementor-column-gap-no\">\n\t\t\t\t\t<div class=\"elementor-column elementor-col-50 elementor-top-column elementor-element elementor-element-67875477\" data-id=\"67875477\" data-element_type=\"column\" data-e-type=\"column\">\n\t\t\t<div class=\"elementor-widget-wrap elementor-element-populated\">\n\t\t\t\t\t\t<div class=\"elementor-element elementor-element-1e262ab elementor-widget elementor-widget-image\" data-id=\"1e262ab\" data-element_type=\"widget\" data-e-type=\"widget\" data-widget_type=\"image.default\">\n\t\t\t\t<div class=\"elementor-widget-container\">\n\t\t\t\t\t\t\t\t\t\t\t\t\t\t\t<img decoding=\"async\" width=\"1600\" height=\"1067\" src=\"https:\/\/restoranprolece.rs\/wp-content\/uploads\/2025\/07\/Sto-sa-hranom-2.jpg\" class=\"attachment-full size-full wp-image-1669\" alt=\"\" srcset=\"https:\/\/restoranprolece.rs\/wp-content\/uploads\/2025\/07\/Sto-sa-hranom-2.jpg 1600w, https:\/\/restoranprolece.rs\/wp-content\/uploads\/2025\/07\/Sto-sa-hranom-2-300x200.jpg 300w, https:\/\/restoranprolece.rs\/wp-content\/uploads\/2025\/07\/Sto-sa-hranom-2-1024x683.jpg 1024w, https:\/\/restoranprolece.rs\/wp-content\/uploads\/2025\/07\/Sto-sa-hranom-2-768x512.jpg 768w, https:\/\/restoranprolece.rs\/wp-content\/uploads\/2025\/07\/Sto-sa-hranom-2-1536x1024.jpg 1536w\" sizes=\"(max-width: 1600px) 100vw, 1600px\" \/>\t\t\t\t\t\t\t\t\t\t\t\t\t\t\t<\/div>\n\t\t\t\t<\/div>\n\t\t\t\t\t<\/div>\n\t\t<\/div>\n\t\t\t\t<div class=\"elementor-column elementor-col-50 elementor-top-column elementor-element elementor-element-521fe727\" data-id=\"521fe727\" data-element_type=\"column\" data-e-type=\"column\">\n\t\t\t<div class=\"elementor-widget-wrap elementor-element-populated\">\n\t\t\t\t\t\t<div class=\"elementor-element elementor-element-2edb1ff5 elementor-widget elementor-widget-text-editor\" data-id=\"2edb1ff5\" data-element_type=\"widget\" data-e-type=\"widget\" data-widget_type=\"text-editor.default\">\n\t\t\t\t<div class=\"elementor-widget-container\">\n\t\t\t\t\t\t\t\t\t<p>Opened for the first time back in 1950, Prole\u0107e has a taste of the past served in a pleasant and unique environment in the heart of Belgrade. From the very beginning, it has been providing its visitors with authentic dishes prepared according to traditional recipes, with the use of fresh, local foodstuffs and carefully selected ingredients.<br \/>Almost eight decades of tradition and culinary skills have been passed on through generations, with special dedication when preparing and serving typical Serbian cooked dishes from the daily menu. The restaurant&#8217;s lent menu, which is prepared during fasting, is extremely popular among guests.<\/p>\n\t\t\t\t\t\t\t\t<\/div>\n\t\t\t\t<\/div>\n\t\t\t\t\t<\/div>\n\t\t<\/div>\n\t\t\t\t\t<\/div>\n\t\t<\/section>\n\t\t\t\t<section class=\"elementor-section elementor-top-section elementor-element elementor-element-19c21c90 elementor-section-stretched elementor-section-full_width elementor-reverse-tablet elementor-reverse-mobile elementor-section-height-default elementor-section-height-default\" data-id=\"19c21c90\" data-element_type=\"section\" data-e-type=\"section\" data-settings=\"{&quot;stretch_section&quot;:&quot;section-stretched&quot;}\">\n\t\t\t\t\t\t<div class=\"elementor-container elementor-column-gap-default\">\n\t\t\t\t\t<div class=\"elementor-column elementor-col-50 elementor-top-column elementor-element elementor-element-5272578\" data-id=\"5272578\" data-element_type=\"column\" data-e-type=\"column\">\n\t\t\t<div class=\"elementor-widget-wrap elementor-element-populated\">\n\t\t\t\t\t\t<div class=\"elementor-element elementor-element-7862d183 elementor-widget elementor-widget-text-editor\" data-id=\"7862d183\" data-element_type=\"widget\" data-e-type=\"widget\" data-widget_type=\"text-editor.default\">\n\t\t\t\t<div class=\"elementor-widget-container\">\n\t\t\t\t\t\t\t\t\t<p>Among the wide range of restaurants that celebrate national cuisine, Prole\u0107e is famous for its superior service and affordable prices, providing an unforgettable gastronomic experience.<br \/>As an iconic place in Belgrade, in recent decades it has also been an honored meeting place for many public figures. We proudly hosted a number of writers, painters, actors, athletes, scientists and politicians.<br \/>Some of the notable guests include names such as Petar Kralj, Momo Kapor, Mi\u0107a Popovi\u0107, Milovan Vitezovi\u0107, Du\u0161an Kanazir, Dragan Zari\u0107, as well as many others who have left their mark in therich history of our restaurant.<br \/>Belgrade taverns used to be places where stories were born and inspiration for diverse artistic expressions was found, and at the same time they were places for deep political discussions. They often became improvised stages for concerts, attracting artists and music lovers. It was not a rare situation that taverns became<br \/>creative workspaces by gathering intellectuals and encouraging the exchange of ideas.<\/p>\n\t\t\t\t\t\t\t\t<\/div>\n\t\t\t\t<\/div>\n\t\t\t\t\t<\/div>\n\t\t<\/div>\n\t\t\t\t<div class=\"elementor-column elementor-col-50 elementor-top-column elementor-element elementor-element-629ad1ac\" data-id=\"629ad1ac\" data-element_type=\"column\" data-e-type=\"column\">\n\t\t\t<div class=\"elementor-widget-wrap elementor-element-populated\">\n\t\t\t\t\t\t<div class=\"elementor-element elementor-element-5854dcdf elementor-widget elementor-widget-image\" data-id=\"5854dcdf\" data-element_type=\"widget\" data-e-type=\"widget\" data-widget_type=\"image.default\">\n\t\t\t\t<div class=\"elementor-widget-container\">\n\t\t\t\t\t\t\t\t\t\t\t\t\t\t\t<img decoding=\"async\" width=\"1024\" height=\"683\" src=\"https:\/\/restoranprolece.rs\/wp-content\/uploads\/2024\/02\/KNEZ1667-1024x683.jpg\" class=\"attachment-large size-large wp-image-1154\" alt=\"\" srcset=\"https:\/\/restoranprolece.rs\/wp-content\/uploads\/2024\/02\/KNEZ1667-1024x683.jpg 1024w, https:\/\/restoranprolece.rs\/wp-content\/uploads\/2024\/02\/KNEZ1667-300x200.jpg 300w, https:\/\/restoranprolece.rs\/wp-content\/uploads\/2024\/02\/KNEZ1667-768x512.jpg 768w, https:\/\/restoranprolece.rs\/wp-content\/uploads\/2024\/02\/KNEZ1667-1536x1024.jpg 1536w, https:\/\/restoranprolece.rs\/wp-content\/uploads\/2024\/02\/KNEZ1667.jpg 1600w\" sizes=\"(max-width: 1024px) 100vw, 1024px\" \/>\t\t\t\t\t\t\t\t\t\t\t\t\t\t\t<\/div>\n\t\t\t\t<\/div>\n\t\t\t\t<div class=\"elementor-element elementor-element-2986de0 elementor-widget elementor-widget-text-editor\" data-id=\"2986de0\" data-element_type=\"widget\" data-e-type=\"widget\" data-widget_type=\"text-editor.default\">\n\t\t\t\t<div class=\"elementor-widget-container\">\n\t\t\t\t\t\t\t\t\t<p>Despite the changes of time, Belgrade&#8217;s taverns still preserve their charm and remain an important part of the Belgrade\u2019s social map, providing space for diverse encounters and experiences.<\/p>\n\t\t\t\t\t\t\t\t<\/div>\n\t\t\t\t<\/div>\n\t\t\t\t\t<\/div>\n\t\t<\/div>\n\t\t\t\t\t<\/div>\n\t\t<\/section>\n\t\t\t\t<section class=\"elementor-section elementor-top-section elementor-element elementor-element-4ae938cb elementor-section-stretched elementor-section-full_width elementor-section-height-default elementor-section-height-default\" data-id=\"4ae938cb\" data-element_type=\"section\" data-e-type=\"section\" data-settings=\"{&quot;stretch_section&quot;:&quot;section-stretched&quot;}\">\n\t\t\t\t\t\t<div class=\"elementor-container elementor-column-gap-no\">\n\t\t\t\t\t<div class=\"elementor-column elementor-col-100 elementor-top-column elementor-element elementor-element-3f58ef2f\" data-id=\"3f58ef2f\" data-element_type=\"column\" data-e-type=\"column\">\n\t\t\t<div class=\"elementor-widget-wrap elementor-element-populated\">\n\t\t\t\t\t\t<div class=\"elementor-element elementor-element-15e6d79f elementor-widget elementor-widget-image\" data-id=\"15e6d79f\" data-element_type=\"widget\" data-e-type=\"widget\" data-widget_type=\"image.default\">\n\t\t\t\t<div class=\"elementor-widget-container\">\n\t\t\t\t\t\t\t\t\t\t\t\t\t\t\t<img loading=\"lazy\" decoding=\"async\" width=\"1600\" height=\"1067\" src=\"https:\/\/restoranprolece.rs\/wp-content\/uploads\/2025\/07\/Sto-sa-hranom-4.jpg\" class=\"attachment-full size-full wp-image-1667\" alt=\"\" srcset=\"https:\/\/restoranprolece.rs\/wp-content\/uploads\/2025\/07\/Sto-sa-hranom-4.jpg 1600w, https:\/\/restoranprolece.rs\/wp-content\/uploads\/2025\/07\/Sto-sa-hranom-4-300x200.jpg 300w, https:\/\/restoranprolece.rs\/wp-content\/uploads\/2025\/07\/Sto-sa-hranom-4-1024x683.jpg 1024w, https:\/\/restoranprolece.rs\/wp-content\/uploads\/2025\/07\/Sto-sa-hranom-4-768x512.jpg 768w, https:\/\/restoranprolece.rs\/wp-content\/uploads\/2025\/07\/Sto-sa-hranom-4-1536x1024.jpg 1536w\" sizes=\"(max-width: 1600px) 100vw, 1600px\" \/>\t\t\t\t\t\t\t\t\t\t\t\t\t\t\t<\/div>\n\t\t\t\t<\/div>\n\t\t\t\t\t<\/div>\n\t\t<\/div>\n\t\t\t\t\t<\/div>\n\t\t<\/section>\n\t\t\t\t<section class=\"elementor-section elementor-top-section elementor-element elementor-element-a2b28d5 elementor-section-stretched elementor-section-full_width elementor-section-height-default elementor-section-height-default\" data-id=\"a2b28d5\" data-element_type=\"section\" data-e-type=\"section\" data-settings=\"{&quot;stretch_section&quot;:&quot;section-stretched&quot;}\">\n\t\t\t\t\t\t<div class=\"elementor-container elementor-column-gap-no\">\n\t\t\t\t\t<div class=\"elementor-column elementor-col-50 elementor-top-column elementor-element elementor-element-1265da5a\" data-id=\"1265da5a\" data-element_type=\"column\" data-e-type=\"column\">\n\t\t\t<div class=\"elementor-widget-wrap elementor-element-populated\">\n\t\t\t\t\t\t<div class=\"elementor-element elementor-element-cea7b81 elementor-widget elementor-widget-heading\" data-id=\"cea7b81\" data-element_type=\"widget\" data-e-type=\"widget\" data-widget_type=\"heading.default\">\n\t\t\t\t<div class=\"elementor-widget-container\">\n\t\t\t\t\t<h1 class=\"elementor-heading-title elementor-size-default\">HISTORY<\/h1>\t\t\t\t<\/div>\n\t\t\t\t<\/div>\n\t\t\t\t<div class=\"elementor-element elementor-element-a0acec4 elementor-widget elementor-widget-text-editor\" data-id=\"a0acec4\" data-element_type=\"widget\" data-e-type=\"widget\" data-widget_type=\"text-editor.default\">\n\t\t\t\t<div class=\"elementor-widget-container\">\n\t\t\t\t\t\t\t\t\t<p>According to the data, the largest number of inns and taverns in Belgrade opened their doors at the end of the 19 th and the beginning of the 20 th century. At the turn of these two centuries, Belgrade had one tavern or inn for every 50 inhabitants.<br \/>Prole\u0107e restaurant was opened in the middle of the last century, but the history of this part of the city dates<br \/>back many centuries before its opening. There used to be a mosque where the restaurant is now.<\/p>\n\t\t\t\t\t\t\t\t<\/div>\n\t\t\t\t<\/div>\n\t\t\t\t\t<\/div>\n\t\t<\/div>\n\t\t\t\t<div class=\"elementor-column elementor-col-50 elementor-top-column elementor-element elementor-element-241f3f4f\" data-id=\"241f3f4f\" data-element_type=\"column\" data-e-type=\"column\">\n\t\t\t<div class=\"elementor-widget-wrap elementor-element-populated\">\n\t\t\t\t\t\t<div class=\"elementor-element elementor-element-62ea6852 elementor-absolute elementor-widget elementor-widget-image\" data-id=\"62ea6852\" data-element_type=\"widget\" data-e-type=\"widget\" data-settings=\"{&quot;_position&quot;:&quot;absolute&quot;}\" data-widget_type=\"image.default\">\n\t\t\t\t<div class=\"elementor-widget-container\">\n\t\t\t\t\t\t\t\t\t\t\t\t\t\t\t<img loading=\"lazy\" decoding=\"async\" width=\"745\" height=\"893\" src=\"https:\/\/restoranprolece.rs\/wp-content\/uploads\/2024\/02\/about-us-11.png\" class=\"attachment-full size-full wp-image-1125\" alt=\"\" srcset=\"https:\/\/restoranprolece.rs\/wp-content\/uploads\/2024\/02\/about-us-11.png 745w, https:\/\/restoranprolece.rs\/wp-content\/uploads\/2024\/02\/about-us-11-250x300.png 250w\" sizes=\"(max-width: 745px) 100vw, 745px\" \/>\t\t\t\t\t\t\t\t\t\t\t\t\t\t\t<\/div>\n\t\t\t\t<\/div>\n\t\t\t\t<div class=\"elementor-element elementor-element-48dbe29c elementor-widget-tablet__width-initial elementor-widget__width-initial elementor-widget elementor-widget-image\" data-id=\"48dbe29c\" data-element_type=\"widget\" data-e-type=\"widget\" data-widget_type=\"image.default\">\n\t\t\t\t<div class=\"elementor-widget-container\">\n\t\t\t\t\t\t\t\t\t\t\t\t\t\t\t<img loading=\"lazy\" decoding=\"async\" width=\"1024\" height=\"683\" src=\"https:\/\/restoranprolece.rs\/wp-content\/uploads\/2024\/02\/KNEZ2614-1024x683.jpg\" class=\"attachment-large size-large wp-image-1163\" alt=\"\" srcset=\"https:\/\/restoranprolece.rs\/wp-content\/uploads\/2024\/02\/KNEZ2614-1024x683.jpg 1024w, https:\/\/restoranprolece.rs\/wp-content\/uploads\/2024\/02\/KNEZ2614-300x200.jpg 300w, https:\/\/restoranprolece.rs\/wp-content\/uploads\/2024\/02\/KNEZ2614-768x512.jpg 768w, https:\/\/restoranprolece.rs\/wp-content\/uploads\/2024\/02\/KNEZ2614-1536x1024.jpg 1536w, https:\/\/restoranprolece.rs\/wp-content\/uploads\/2024\/02\/KNEZ2614.jpg 1600w\" sizes=\"(max-width: 1024px) 100vw, 1024px\" \/>\t\t\t\t\t\t\t\t\t\t\t\t\t\t\t<\/div>\n\t\t\t\t<\/div>\n\t\t\t\t\t<\/div>\n\t\t<\/div>\n\t\t\t\t\t<\/div>\n\t\t<\/section>\n\t\t\t\t<section class=\"elementor-section elementor-top-section elementor-element elementor-element-4f107b6f elementor-section-stretched elementor-section-boxed elementor-section-height-default elementor-section-height-default\" data-id=\"4f107b6f\" data-element_type=\"section\" data-e-type=\"section\" data-settings=\"{&quot;stretch_section&quot;:&quot;section-stretched&quot;}\">\n\t\t\t\t\t\t<div class=\"elementor-container elementor-column-gap-default\">\n\t\t\t\t\t<div class=\"elementor-column elementor-col-100 elementor-top-column elementor-element elementor-element-5ef94d0e\" data-id=\"5ef94d0e\" data-element_type=\"column\" data-e-type=\"column\">\n\t\t\t<div class=\"elementor-widget-wrap elementor-element-populated\">\n\t\t\t\t\t\t<div class=\"elementor-element elementor-element-718fadbe elementor-absolute elementor-widget-tablet__width-initial elementor-widget__width-initial elementor-widget elementor-widget-image\" data-id=\"718fadbe\" data-element_type=\"widget\" data-e-type=\"widget\" data-settings=\"{&quot;_position&quot;:&quot;absolute&quot;}\" data-widget_type=\"image.default\">\n\t\t\t\t<div class=\"elementor-widget-container\">\n\t\t\t\t\t\t\t\t\t\t\t\t\t\t\t<img loading=\"lazy\" decoding=\"async\" width=\"84\" height=\"77\" src=\"https:\/\/restoranprolece.rs\/wp-content\/uploads\/2024\/02\/about-us-9.png\" class=\"attachment-large size-large wp-image-1104\" alt=\"\" \/>\t\t\t\t\t\t\t\t\t\t\t\t\t\t\t<\/div>\n\t\t\t\t<\/div>\n\t\t\t\t\t<\/div>\n\t\t<\/div>\n\t\t\t\t\t<\/div>\n\t\t<\/section>\n\t\t<div class=\"elementor-element elementor-element-570da4d e-flex e-con-boxed e-con e-parent\" data-id=\"570da4d\" data-element_type=\"container\" data-e-type=\"container\">\n\t\t\t\t\t<div class=\"e-con-inner\">\n\t\t\t\t<div class=\"elementor-element elementor-element-5073bf1 elementor-widget elementor-widget-text-editor\" data-id=\"5073bf1\" data-element_type=\"widget\" data-e-type=\"widget\" data-widget_type=\"text-editor.default\">\n\t\t\t\t<div class=\"elementor-widget-container\">\n\t\t\t\t\t\t\t\t\t<p>In the 19 th century, this part of the city was called Varo\u0161-kapija, after one of the four gates that served as the entrance to Belgrade&#8217;s downtown. Before it was demolished in 1862, Varo\u0161-kapija included the area that went down to Brankova St., bounded by Obili\u0107eva St. and Kosan\u010di\u0107ev venac, as well as Pop Lukina St. There were numerous cellars in that area for storing goods arriving at the Sava river port.<br \/>Prole\u0107e restaurant is not only located in one of the most important places for the Belgrade history, but there is also a green haven in the middle of the oldest part of Belgrade next to it, bearing two names: it is known as \u201cthe park near the Prole\u0107e tavern\u201d or Park Vojvoda Vuk.<br \/>Regardless of how you call it, this seemingly ordinary park, surrounded by the streets of Carice Milice, Vuka Karad\u017ei\u0107a and Topli\u010din venac, actually represents a kind of time machine through the rich history of Belgrade, perhaps even the place where the key events of the Europe\u2019s fate were shaped.<br \/>Everything changed in 1950, when the restaurant \u201cProle\u0107e\u201d was opened on the corner of Carice Milice and Vuka Karad\u017ei\u0107a streets. As a real pearl of the hospitality industry, it quickly became a Belgrade institution, which echoed the name of the park, soon to be known as \u201cthe park near Prole\u0107e\u201d.<br \/>Today, bearing this name, the park represents the focal meeting point of all generations and a place where different life stories intertwine, the youngest have fun, friends meet and everyone else passes through, leaving a small part of their own history.<\/p>\t\t\t\t\t\t\t\t<\/div>\n\t\t\t\t<\/div>\n\t\t\t\t\t<\/div>\n\t\t\t\t<\/div>\n\t\t\t\t<\/div>\n\t\t","protected":false},"excerpt":{"rendered":"<p>ABOUT US The past, tradition, history and iconic place for many generations of Belgrade citizens, Prole\u0107e restaurant continues to cherish [&hellip;]<\/p>\n","protected":false},"author":1,"featured_media":1177,"parent":0,"menu_order":0,"comment_status":"closed","ping_status":"closed","template":"","meta":{"site-sidebar-layout":"no-sidebar","site-content-layout":"","ast-site-content-layout":"full-width-container","site-content-style":"default","site-sidebar-style":"default","ast-global-header-display":"","ast-banner-title-visibility":"","ast-main-header-display":"","ast-hfb-above-header-display":"","ast-hfb-below-header-display":"","ast-hfb-mobile-header-display":"","site-post-title":"disabled","ast-breadcrumbs-content":"","ast-featured-img":"disabled","footer-sml-layout":"","ast-disable-related-posts":"","theme-transparent-header-meta":"default","adv-header-id-meta":"","stick-header-meta":"","header-above-stick-meta":"","header-main-stick-meta":"","header-below-stick-meta":"","astra-migrate-meta-layouts":"default","ast-page-background-enabled":"default","ast-page-background-meta":{"desktop":{"background-color":"var(--ast-global-color-4)","background-image":"","background-repeat":"repeat","background-position":"center center","background-size":"auto","background-attachment":"scroll","background-type":"","background-media":"","overlay-type":"","overlay-color":"","overlay-opacity":"","overlay-gradient":""},"tablet":{"background-color":"","background-image":"","background-repeat":"repeat","background-position":"center center","background-size":"auto","background-attachment":"scroll","background-type":"","background-media":"","overlay-type":"","overlay-color":"","overlay-opacity":"","overlay-gradient":""},"mobile":{"background-color":"","background-image":"","background-repeat":"repeat","background-position":"center center","background-size":"auto","background-attachment":"scroll","background-type":"","background-media":"","overlay-type":"","overlay-color":"","overlay-opacity":"","overlay-gradient":""}},"ast-content-background-meta":{"desktop":{"background-color":"var(--ast-global-color-5)","background-image":"","background-repeat":"repeat","background-position":"center center","background-size":"auto","background-attachment":"scroll","background-type":"","background-media":"","overlay-type":"","overlay-color":"","overlay-opacity":"","overlay-gradient":""},"tablet":{"background-color":"var(--ast-global-color-5)","background-image":"","background-repeat":"repeat","background-position":"center center","background-size":"auto","background-attachment":"scroll","background-type":"","background-media":"","overlay-type":"","overlay-color":"","overlay-opacity":"","overlay-gradient":""},"mobile":{"background-color":"var(--ast-global-color-5)","background-image":"","background-repeat":"repeat","background-position":"center center","background-size":"auto","background-attachment":"scroll","background-type":"","background-media":"","overlay-type":"","overlay-color":"","overlay-opacity":"","overlay-gradient":""}},"footnotes":""},"class_list":["post-1186","page","type-page","status-publish","has-post-thumbnail","hentry"],"_links":{"self":[{"href":"https:\/\/restoranprolece.rs\/en\/wp-json\/wp\/v2\/pages\/1186","targetHints":{"allow":["GET"]}}],"collection":[{"href":"https:\/\/restoranprolece.rs\/en\/wp-json\/wp\/v2\/pages"}],"about":[{"href":"https:\/\/restoranprolece.rs\/en\/wp-json\/wp\/v2\/types\/page"}],"author":[{"embeddable":true,"href":"https:\/\/restoranprolece.rs\/en\/wp-json\/wp\/v2\/users\/1"}],"replies":[{"embeddable":true,"href":"https:\/\/restoranprolece.rs\/en\/wp-json\/wp\/v2\/comments?post=1186"}],"version-history":[{"count":10,"href":"https:\/\/restoranprolece.rs\/en\/wp-json\/wp\/v2\/pages\/1186\/revisions"}],"predecessor-version":[{"id":1814,"href":"https:\/\/restoranprolece.rs\/en\/wp-json\/wp\/v2\/pages\/1186\/revisions\/1814"}],"wp:featuredmedia":[{"embeddable":true,"href":"https:\/\/restoranprolece.rs\/en\/wp-json\/wp\/v2\/media\/1177"}],"wp:attachment":[{"href":"https:\/\/restoranprolece.rs\/en\/wp-json\/wp\/v2\/media?parent=1186"}],"curies":[{"name":"wp","href":"https:\/\/api.w.org\/{rel}","templated":true}]}}